{"id":8,"date":"2026-01-09T16:54:17","date_gmt":"2026-01-09T16:54:17","guid":{"rendered":"http:\/\/andydeco.fr\/?page_id=8"},"modified":"2026-02-13T16:37:06","modified_gmt":"2026-02-13T16:37:06","slug":"homepage","status":"publish","type":"page","link":"https:\/\/andydeco.fr\/","title":{"rendered":"Accueil"},"content":{"rendered":"\n<div class=\"wp-block-cover alignfull is-light\"><img loading=\"lazy\" decoding=\"async\" width=\"1920\" height=\"1080\" class=\"wp-block-cover__image-background wp-image-115 size-full\" alt=\"\" src=\"https:\/\/andydeco.fr\/wp-content\/uploads\/2026\/01\/3-76.png\" data-object-fit=\"cover\" srcset=\"https:\/\/andydeco.fr\/wp-content\/uploads\/2026\/01\/3-76.png 1920w, https:\/\/andydeco.fr\/wp-content\/uploads\/2026\/01\/3-76-300x169.png 300w, https:\/\/andydeco.fr\/wp-content\/uploads\/2026\/01\/3-76-1024x576.png 1024w\" sizes=\"auto, (max-width: 1920px) 100vw, 1920px\" \/><span aria-hidden=\"true\" class=\"wp-block-cover__background has-background-dim-0 has-background-dim\" style=\"background-color:#aba6a0\"><\/span><div class=\"wp-block-cover__inner-container has-global-padding is-layout-constrained wp-block-cover-is-layout-constrained\">\n<div style=\"height:452px\" aria-hidden=\"true\" class=\"wp-block-spacer\"><\/div>\n\n\n\n<blockquote class=\"wp-block-quote is-style-plain is-layout-flow wp-block-quote-is-layout-flow\">\n<p><\/p>\n<\/blockquote>\n\n\n\n<p class=\"has-text-align-center has-white-color has-text-color has-large-font-size\" style=\"font-style:normal;font-weight:600;line-height:1.7\">Transformer les espaces, r\u00e9v\u00e9ler leur potentiel<br>Chaque projet est unique, sculpt\u00e9 dans la lumi\u00e8re et les volumes.<\/p>\n<\/div><\/div>\n\n\n\n<div class=\"wp-block-columns alignfull is-layout-flex wp-container-core-columns-is-layout-bb131731 wp-block-columns-is-layout-flex\" style=\"padding-right:var(--wp--preset--spacing--x-small);padding-left:var(--wp--preset--spacing--x-small)\">\n<div class=\"wp-block-column has-global-padding is-content-justification-center is-layout-constrained wp-block-column-is-layout-constrained\" style=\"flex-basis:50%\">\n<div class=\"wp-block-group is-content-justification-center is-nowrap is-layout-flex wp-container-core-group-is-layout-23441af8 wp-block-group-is-layout-flex\">\n<figure class=\"wp-block-image size-medium has-custom-border is-style-default\" style=\"margin-right:0;margin-left:0\"><img loading=\"lazy\" decoding=\"async\" width=\"300\" height=\"300\" src=\"https:\/\/andydeco.fr\/wp-content\/uploads\/2026\/01\/ac622f6f-f4de-4231-b46d-7620f9834052-1-300x300.png\" alt=\"\" class=\"wp-image-100\" style=\"border-style:none;border-width:0px;border-top-left-radius:0px;border-top-right-radius:0px;border-bottom-left-radius:0px;border-bottom-right-radius:0px;object-fit:cover\" srcset=\"https:\/\/andydeco.fr\/wp-content\/uploads\/2026\/01\/ac622f6f-f4de-4231-b46d-7620f9834052-1-300x300.png 300w, https:\/\/andydeco.fr\/wp-content\/uploads\/2026\/01\/ac622f6f-f4de-4231-b46d-7620f9834052-1-1024x1024.png 1024w, https:\/\/andydeco.fr\/wp-content\/uploads\/2026\/01\/ac622f6f-f4de-4231-b46d-7620f9834052-1-150x150.png 150w, https:\/\/andydeco.fr\/wp-content\/uploads\/2026\/01\/ac622f6f-f4de-4231-b46d-7620f9834052-1.png 1536w\" sizes=\"auto, (max-width: 300px) 100vw, 300px\" \/><\/figure>\n\n\n\n<div style=\"height:100px;width:0px\" aria-hidden=\"true\" class=\"wp-block-spacer wp-container-content-9760934e\"><\/div>\n\n\n\n<div style=\"height:100px;width:60px\" aria-hidden=\"true\" class=\"wp-block-spacer wp-container-content-1cacd481\"><\/div>\n\n\n\n<figure class=\"wp-block-image size-medium\" style=\"margin-right:0;margin-left:0\"><img loading=\"lazy\" decoding=\"async\" width=\"300\" height=\"300\" src=\"https:\/\/andydeco.fr\/wp-content\/uploads\/2026\/01\/7af68118-64be-4c86-b351-37811e796c00-2-300x300.png\" alt=\"\" class=\"wp-image-108\" srcset=\"https:\/\/andydeco.fr\/wp-content\/uploads\/2026\/01\/7af68118-64be-4c86-b351-37811e796c00-2-300x300.png 300w, https:\/\/andydeco.fr\/wp-content\/uploads\/2026\/01\/7af68118-64be-4c86-b351-37811e796c00-2-1024x1024.png 1024w, https:\/\/andydeco.fr\/wp-content\/uploads\/2026\/01\/7af68118-64be-4c86-b351-37811e796c00-2-150x150.png 150w, https:\/\/andydeco.fr\/wp-content\/uploads\/2026\/01\/7af68118-64be-4c86-b351-37811e796c00-2.png 1536w\" sizes=\"auto, (max-width: 300px) 100vw, 300px\" \/><\/figure>\n<\/div>\n<\/div>\n\n\n\n<div class=\"wp-block-column is-layout-flow wp-block-column-is-layout-flow\" style=\"flex-basis:50%\">\n<div class=\"wp-block-group is-content-justification-center is-nowrap is-layout-flex wp-container-core-group-is-layout-23441af8 wp-block-group-is-layout-flex\">\n<figure class=\"wp-block-image size-medium has-custom-border is-style-default\" style=\"margin-right:0;margin-left:0\"><img loading=\"lazy\" decoding=\"async\" width=\"300\" height=\"300\" src=\"https:\/\/andydeco.fr\/wp-content\/uploads\/2026\/01\/9549d3aa-234c-4554-b5f1-938f253fffdd-2-300x300.png\" alt=\"\" class=\"wp-image-109\" style=\"border-style:none;border-width:0px;border-top-left-radius:0px;border-top-right-radius:0px;border-bottom-left-radius:0px;border-bottom-right-radius:0px;object-fit:cover\" srcset=\"https:\/\/andydeco.fr\/wp-content\/uploads\/2026\/01\/9549d3aa-234c-4554-b5f1-938f253fffdd-2-300x300.png 300w, https:\/\/andydeco.fr\/wp-content\/uploads\/2026\/01\/9549d3aa-234c-4554-b5f1-938f253fffdd-2-1024x1024.png 1024w, https:\/\/andydeco.fr\/wp-content\/uploads\/2026\/01\/9549d3aa-234c-4554-b5f1-938f253fffdd-2-150x150.png 150w, https:\/\/andydeco.fr\/wp-content\/uploads\/2026\/01\/9549d3aa-234c-4554-b5f1-938f253fffdd-2.png 1536w\" sizes=\"auto, (max-width: 300px) 100vw, 300px\" \/><\/figure>\n\n\n\n<div style=\"height:100px;width:0px\" aria-hidden=\"true\" class=\"wp-block-spacer wp-container-content-9760934e\"><\/div>\n\n\n\n<div style=\"height:100px;width:60px\" aria-hidden=\"true\" class=\"wp-block-spacer wp-container-content-1cacd481\"><\/div>\n\n\n\n<figure class=\"wp-block-image size-medium\" style=\"margin-right:0;margin-left:0\"><img loading=\"lazy\" decoding=\"async\" width=\"300\" height=\"300\" src=\"https:\/\/andydeco.fr\/wp-content\/uploads\/2026\/01\/36998b24-43db-4a5d-932d-536a8dc18612-2-300x300.png\" alt=\"\" class=\"wp-image-110\" srcset=\"https:\/\/andydeco.fr\/wp-content\/uploads\/2026\/01\/36998b24-43db-4a5d-932d-536a8dc18612-2-300x300.png 300w, https:\/\/andydeco.fr\/wp-content\/uploads\/2026\/01\/36998b24-43db-4a5d-932d-536a8dc18612-2-1024x1024.png 1024w, https:\/\/andydeco.fr\/wp-content\/uploads\/2026\/01\/36998b24-43db-4a5d-932d-536a8dc18612-2-150x150.png 150w, https:\/\/andydeco.fr\/wp-content\/uploads\/2026\/01\/36998b24-43db-4a5d-932d-536a8dc18612-2.png 1536w\" sizes=\"auto, (max-width: 300px) 100vw, 300px\" \/><\/figure>\n<\/div>\n<\/div>\n<\/div>\n\n\n\n<div class=\"wp-block-buttons is-content-justification-center is-layout-flex wp-container-core-buttons-is-layout-a89b3969 wp-block-buttons-is-layout-flex\">\n<div class=\"wp-block-button\"><a class=\"wp-block-button__link has-background wp-element-button\" href=\"https:\/\/andydeco.fr\/index.php\/homepage\/contact\/\" style=\"background-color:#ac8e6c\">Demander un Devis<\/a><\/div>\n<\/div>\n\n\n\n<div style=\"height:70px\" aria-hidden=\"true\" class=\"wp-block-spacer\"><\/div>\n\n\n\n<div id=\"services\" class=\"wp-block-group alignfull pattern_multiple_covers has-background has-white-color has-text-color has-link-color wp-elements-96ffc49a0f167c7dbb54f8116b771567 has-global-padding is-layout-constrained wp-block-group-is-layout-constrained\" style=\"background-color:#544636\">\n<p><\/p>\n\n\n\n<h2 class=\"wp-block-heading has-text-align-center has-white-color has-text-color has-link-color wp-elements-5bf676dbb26b9c5e7f45accf4c10c426\">\u00c0 propos de nous<\/h2>\n\n\n\n<p class=\"has-text-align-center\" style=\"font-style:normal;font-weight:400\">Nous sommes une \u00e9quipe de professionnels du b\u00e2timent avec plus de 20 ans d\u2019exp\u00e9rience.<br>Nous r\u00e9alisons vos travaux de r\u00e9novation int\u00e9rieure et ext\u00e9rieure : peinture, \u00e9lectricit\u00e9, plomberie, carrelage, menuiserie, ma\u00e7onnerie, placo et isolation.<\/p>\n\n\n\n<p class=\"has-text-align-center\" style=\"font-style:normal;font-weight:400\">Nous prenons en charge tous vos projets de \u00c0 \u00e0 Z &#8212; cuisine, salle de bain, remise en \u00e9tat apr\u00e8s un d\u00e9g\u00e2t des eaux, pose de parquet, cr\u00e9ation de meubles sur mesure, ouverture d\u2019espaces ou am\u00e9nagement de terrasse.<\/p>\n\n\n\n<div style=\"height:46px\" aria-hidden=\"true\" class=\"wp-block-spacer\"><\/div>\n\n\n\n<div class=\"wp-block-columns is-layout-flex wp-container-core-columns-is-layout-28f84493 wp-block-columns-is-layout-flex\">\n<div class=\"wp-block-column is-layout-flow wp-block-column-is-layout-flow\" style=\"padding-top:0;padding-right:0;padding-bottom:0;padding-left:0\">\n<figure class=\"wp-block-image size-full\"><img loading=\"lazy\" decoding=\"async\" width=\"2000\" height=\"1600\" src=\"https:\/\/andydeco.fr\/wp-content\/uploads\/2026\/02\/\u0434\u043e\u043f\u043e\u0441\u043b\u0435.png\" alt=\"\" class=\"wp-image-305\" srcset=\"https:\/\/andydeco.fr\/wp-content\/uploads\/2026\/02\/\u0434\u043e\u043f\u043e\u0441\u043b\u0435.png 2000w, https:\/\/andydeco.fr\/wp-content\/uploads\/2026\/02\/\u0434\u043e\u043f\u043e\u0441\u043b\u0435-300x240.png 300w, https:\/\/andydeco.fr\/wp-content\/uploads\/2026\/02\/\u0434\u043e\u043f\u043e\u0441\u043b\u0435-1024x819.png 1024w\" sizes=\"auto, (max-width: 2000px) 100vw, 2000px\" \/><\/figure>\n<\/div>\n\n\n\n<div class=\"wp-block-column is-layout-flow wp-block-column-is-layout-flow\" style=\"padding-top:0;padding-right:0;padding-bottom:0;padding-left:0\">\n<figure class=\"wp-block-image size-full\"><img loading=\"lazy\" decoding=\"async\" width=\"2000\" height=\"1600\" src=\"https:\/\/andydeco.fr\/wp-content\/uploads\/2026\/02\/\u0434\u043e\u043f\u043e\u0441\u043b\u04352.png\" alt=\"\" class=\"wp-image-306\" srcset=\"https:\/\/andydeco.fr\/wp-content\/uploads\/2026\/02\/\u0434\u043e\u043f\u043e\u0441\u043b\u04352.png 2000w, https:\/\/andydeco.fr\/wp-content\/uploads\/2026\/02\/\u0434\u043e\u043f\u043e\u0441\u043b\u04352-300x240.png 300w, https:\/\/andydeco.fr\/wp-content\/uploads\/2026\/02\/\u0434\u043e\u043f\u043e\u0441\u043b\u04352-1024x819.png 1024w\" sizes=\"auto, (max-width: 2000px) 100vw, 2000px\" \/><\/figure>\n<\/div>\n<\/div>\n\n\n\n<div style=\"height:31px\" aria-hidden=\"true\" class=\"wp-block-spacer\"><\/div>\n<\/div>\n\n\n\n<div style=\"height:19px\" aria-hidden=\"true\" class=\"wp-block-spacer\"><\/div>\n\n\n\n<div class=\"wp-block-group has-global-padding is-layout-constrained wp-block-group-is-layout-constrained\">\n<div class=\"wp-block-columns is-layout-flex wp-container-core-columns-is-layout-e0e4babd wp-block-columns-is-layout-flex\" style=\"border-style:none;border-width:0px;border-top-left-radius:0px;border-top-right-radius:0px;border-bottom-left-radius:0px;border-bottom-right-radius:0px;padding-right:0;padding-left:0\">\n<div class=\"wp-block-column is-layout-flow wp-block-column-is-layout-flow\">\n<div class=\"wp-block-media-text is-stacked-on-mobile\" style=\"grid-template-columns:59% auto\"><figure class=\"wp-block-media-text__media\"><img loading=\"lazy\" decoding=\"async\" width=\"1024\" height=\"678\" src=\"https:\/\/andydeco.fr\/wp-content\/uploads\/2026\/02\/3aa44011-8b88-4be7-8aa9-aa274180a2f5-1024x678.jpg\" alt=\"\" class=\"wp-image-134 size-full\" srcset=\"https:\/\/andydeco.fr\/wp-content\/uploads\/2026\/02\/3aa44011-8b88-4be7-8aa9-aa274180a2f5-1024x678.jpg 1024w, https:\/\/andydeco.fr\/wp-content\/uploads\/2026\/02\/3aa44011-8b88-4be7-8aa9-aa274180a2f5-300x199.jpg 300w, https:\/\/andydeco.fr\/wp-content\/uploads\/2026\/02\/3aa44011-8b88-4be7-8aa9-aa274180a2f5-2000x1324.jpg 2000w\" sizes=\"auto, (max-width: 1024px) 100vw, 1024px\" \/><\/figure><div class=\"wp-block-media-text__content\">\n<p style=\"font-size:clamp(16.293px, 1.018rem + ((1vw - 3.2px) * 0.771), 25px);\"><strong>R\u00e9novation d&#8217;int\u00e9rieur<\/strong><br>Peinture et d\u00e9coration \u2192 Harmoniser murs et volumes pour cr\u00e9er une tmosph\u00e8re unique<br>Pose de papier peint \u2192 Pour enrichir vos espaces<br>Pose de parquet (flottant ou contrecoll\u00e9) \u2192 pour sublimer vos sols Carrelage murs et sols \u2192 Pour donner de la structure et valoriser vos pi\u00e8ces<br><\/p>\n<\/div><\/div>\n\n\n\n<div class=\"wp-block-media-text has-media-on-the-right is-stacked-on-mobile\" style=\"grid-template-columns:auto 31%\"><div class=\"wp-block-media-text__content\">\n<p style=\"padding-top:0;padding-bottom:0;font-size:clamp(16.293px, 1.018rem + ((1vw - 3.2px) * 0.771), 25px);\"><strong>Travaux techniques<\/strong><br>Syst\u00e8mes de chauffage et ventilation \u2192 Confort et fluidit\u00e9 de vie<br>\u00c9lectricit\u00e9 \u2192 S\u00e9curit\u00e9, modernit\u00e9 et fonctionalite (plusieurs points, sugegstions des points de lumiere strategiques, etc).Plomberie \u2192 Fonctionnalit\u00e9, comfort<\/p>\n<\/div><figure class=\"wp-block-media-text__media\"><img loading=\"lazy\" decoding=\"async\" width=\"768\" height=\"1024\" src=\"https:\/\/andydeco.fr\/wp-content\/uploads\/2026\/02\/42f93373-d82e-4779-b03c-5542153ce952-768x1024.jpg\" alt=\"\" class=\"wp-image-136 size-full\" srcset=\"https:\/\/andydeco.fr\/wp-content\/uploads\/2026\/02\/42f93373-d82e-4779-b03c-5542153ce952-768x1024.jpg 768w, https:\/\/andydeco.fr\/wp-content\/uploads\/2026\/02\/42f93373-d82e-4779-b03c-5542153ce952-225x300.jpg 225w, https:\/\/andydeco.fr\/wp-content\/uploads\/2026\/02\/42f93373-d82e-4779-b03c-5542153ce952.jpg 1200w\" sizes=\"auto, (max-width: 768px) 100vw, 768px\" \/><\/figure><\/div>\n<\/div>\n<\/div>\n\n\n\n<div class=\"wp-block-columns is-layout-flex wp-container-core-columns-is-layout-e0e4babd wp-block-columns-is-layout-flex\" style=\"border-style:none;border-width:0px;border-top-left-radius:0px;border-top-right-radius:0px;border-bottom-left-radius:0px;border-bottom-right-radius:0px;padding-right:0;padding-left:0\">\n<div class=\"wp-block-column is-layout-flow wp-block-column-is-layout-flow\">\n<div class=\"wp-block-media-text is-stacked-on-mobile\" style=\"grid-template-columns:47% auto\"><figure class=\"wp-block-media-text__media\"><img loading=\"lazy\" decoding=\"async\" width=\"1024\" height=\"802\" src=\"https:\/\/andydeco.fr\/wp-content\/uploads\/2026\/02\/WhatsApp-Image-2026-02-10-at-13.59.23-1-1024x802.jpg\" alt=\"\" class=\"wp-image-140 size-full\" srcset=\"https:\/\/andydeco.fr\/wp-content\/uploads\/2026\/02\/WhatsApp-Image-2026-02-10-at-13.59.23-1-1024x802.jpg 1024w, https:\/\/andydeco.fr\/wp-content\/uploads\/2026\/02\/WhatsApp-Image-2026-02-10-at-13.59.23-1-300x235.jpg 300w, https:\/\/andydeco.fr\/wp-content\/uploads\/2026\/02\/WhatsApp-Image-2026-02-10-at-13.59.23-1-2000x1566.jpg 2000w, https:\/\/andydeco.fr\/wp-content\/uploads\/2026\/02\/WhatsApp-Image-2026-02-10-at-13.59.23-1.jpg 2044w\" sizes=\"auto, (max-width: 1024px) 100vw, 1024px\" \/><\/figure><div class=\"wp-block-media-text__content\">\n<p class=\"has-text-align-left\" style=\"font-size:clamp(16.293px, 1.018rem + ((1vw - 3.2px) * 0.771), 25px);\"><strong>Am\u00e9nagement &amp; structure<\/strong><\/p>\n\n\n\n<p style=\"font-size:clamp(16.293px, 1.018rem + ((1vw - 3.2px) * 0.771), 25px);\">&#8212; Ouverture de cloisons \u2192 Faire circuler la lumi\u00e8re, agrandir les volumes Modification des espaces et volumes \u2192 Chaque mouvement dans la maison devient naturel<\/p>\n\n\n\n<p style=\"font-size:clamp(16.293px, 1.018rem + ((1vw - 3.2px) * 0.771), 25px);\">&#8212; Placo pl\u00e2tre BA13 \u2192<\/p>\n\n\n\n<p class=\"has-text-align-left\" style=\"font-size:clamp(16.293px, 1.018rem + ((1vw - 3.2px) * 0.771), 25px);\">&#8212; Isolation thermique et acoustique \u2192 Confort durable pour chaque pi\u00e8ce<\/p>\n<\/div><\/div>\n\n\n\n<div class=\"wp-block-media-text has-media-on-the-right is-stacked-on-mobile\" style=\"grid-template-columns:auto 40%\"><div class=\"wp-block-media-text__content\">\n<p class=\"has-text-align-left\" style=\"font-size:clamp(16.293px, 1.018rem + ((1vw - 3.2px) * 0.771), 25px);\"><strong>Menuiserie sur mesure<\/strong><br>Meubles sur mesure \u2192 Chaque rangement est pens\u00e9 pour s&#8217;int\u00e9grer et sublimer l&#8217;espace<\/p>\n\n\n\n<p class=\"has-text-align-left\" style=\"font-size:clamp(16.293px, 1.018rem + ((1vw - 3.2px) * 0.771), 25px);\">Agencements int\u00e9rieurs \u2192 Fluidit\u00e9 et organisation harmonieuse<\/p>\n\n\n\n<p class=\"has-text-align-left\" style=\"font-size:clamp(16.293px, 1.018rem + ((1vw - 3.2px) * 0.771), 25px);\">Montage de meubles \u2192 D\u00e9tails soign\u00e9s pour un r\u00e9sultat imm\u00e9diat<\/p>\n<\/div><figure class=\"wp-block-media-text__media\"><img loading=\"lazy\" decoding=\"async\" width=\"917\" height=\"1024\" src=\"https:\/\/andydeco.fr\/wp-content\/uploads\/2026\/02\/WhatsApp-Image-2026-02-10-at-13.59.15-2-917x1024.jpg\" alt=\"\" class=\"wp-image-142 size-full\" srcset=\"https:\/\/andydeco.fr\/wp-content\/uploads\/2026\/02\/WhatsApp-Image-2026-02-10-at-13.59.15-2-917x1024.jpg 917w, https:\/\/andydeco.fr\/wp-content\/uploads\/2026\/02\/WhatsApp-Image-2026-02-10-at-13.59.15-2-269x300.jpg 269w, https:\/\/andydeco.fr\/wp-content\/uploads\/2026\/02\/WhatsApp-Image-2026-02-10-at-13.59.15-2.jpg 1433w\" sizes=\"auto, (max-width: 917px) 100vw, 917px\" \/><\/figure><\/div>\n<\/div>\n<\/div>\n<\/div>\n\n\n\n<div style=\"height:40px\" aria-hidden=\"true\" class=\"wp-block-spacer\"><\/div>\n\n\n\n<div class=\"wp-block-group alignfull portfolio-dark has-black-background-color has-background has-global-padding is-layout-constrained wp-block-group-is-layout-constrained\" id=\"portfolio\" style=\"margin-top:0px\">\n<div style=\"margin-top:var(--wp--preset--spacing--small);margin-bottom:var(--wp--preset--spacing--small);height:18px\" aria-hidden=\"true\" class=\"wp-block-spacer\"><\/div>\n\n\n\n<h2 class=\"wp-block-heading has-text-align-center has-white-color has-text-color has-large-font-size\">Galerie d&#8217;\u0153uvres<\/h2>\n\n\n\n<div class=\"wp-block-group has-global-padding is-layout-constrained wp-block-group-is-layout-constrained\">\n<div class=\"wp-block-columns is-layout-flex wp-container-core-columns-is-layout-28f84493 wp-block-columns-is-layout-flex\">\n<div class=\"wp-block-column is-layout-flow wp-block-column-is-layout-flow\" style=\"flex-basis:100%\">\n<div class=\"wp-block-group has-global-padding is-layout-constrained wp-block-group-is-layout-constrained\">\n<div class=\"wp-block-group has-global-padding is-layout-constrained wp-block-group-is-layout-constrained\">\n<div class=\"wp-block-group has-global-padding is-layout-constrained wp-block-group-is-layout-constrained\">\n<div class=\"wp-block-group has-global-padding is-layout-constrained wp-block-group-is-layout-constrained\">\n<details class=\"wp-block-details is-layout-flow wp-block-details-is-layout-flow\" open><summary><\/summary>\n<div class=\"wp-block-columns is-layout-flex wp-container-core-columns-is-layout-28f84493 wp-block-columns-is-layout-flex\">\n<div class=\"wp-block-column is-layout-flow wp-block-column-is-layout-flow\" style=\"flex-basis:100%\">\n<div id=\"team\" class=\"wp-block-group is-layout-grid wp-container-core-group-is-layout-478b6e6b wp-block-group-is-layout-grid\">\n<figure class=\"wp-block-image size-large\"><img loading=\"lazy\" decoding=\"async\" width=\"768\" height=\"1024\" src=\"https:\/\/andydeco.fr\/wp-content\/uploads\/2026\/01\/d832fe87-9a15-4e9a-a774-2381c72cb01f-768x1024.jpg\" alt=\"\" class=\"wp-image-33\" srcset=\"https:\/\/andydeco.fr\/wp-content\/uploads\/2026\/01\/d832fe87-9a15-4e9a-a774-2381c72cb01f-768x1024.jpg 768w, https:\/\/andydeco.fr\/wp-content\/uploads\/2026\/01\/d832fe87-9a15-4e9a-a774-2381c72cb01f-225x300.jpg 225w, https:\/\/andydeco.fr\/wp-content\/uploads\/2026\/01\/d832fe87-9a15-4e9a-a774-2381c72cb01f.jpg 1200w\" sizes=\"auto, (max-width: 768px) 100vw, 768px\" \/><\/figure>\n\n\n\n<figure class=\"wp-block-image size-large\"><img loading=\"lazy\" decoding=\"async\" width=\"768\" height=\"1024\" src=\"https:\/\/andydeco.fr\/wp-content\/uploads\/2026\/01\/b8b144d7-ceff-4b5d-9493-e7a1e88e8323-768x1024.jpg\" alt=\"\" class=\"wp-image-34\" srcset=\"https:\/\/andydeco.fr\/wp-content\/uploads\/2026\/01\/b8b144d7-ceff-4b5d-9493-e7a1e88e8323-768x1024.jpg 768w, https:\/\/andydeco.fr\/wp-content\/uploads\/2026\/01\/b8b144d7-ceff-4b5d-9493-e7a1e88e8323-225x300.jpg 225w, https:\/\/andydeco.fr\/wp-content\/uploads\/2026\/01\/b8b144d7-ceff-4b5d-9493-e7a1e88e8323.jpg 1200w\" sizes=\"auto, (max-width: 768px) 100vw, 768px\" \/><\/figure>\n\n\n\n<figure class=\"wp-block-image size-large\"><img loading=\"lazy\" decoding=\"async\" width=\"768\" height=\"1024\" src=\"https:\/\/andydeco.fr\/wp-content\/uploads\/2026\/01\/d05a5dec-9416-44dd-8caa-338aa4b0d0ee-768x1024.jpg\" alt=\"\" class=\"wp-image-35\" srcset=\"https:\/\/andydeco.fr\/wp-content\/uploads\/2026\/01\/d05a5dec-9416-44dd-8caa-338aa4b0d0ee-768x1024.jpg 768w, https:\/\/andydeco.fr\/wp-content\/uploads\/2026\/01\/d05a5dec-9416-44dd-8caa-338aa4b0d0ee-225x300.jpg 225w, https:\/\/andydeco.fr\/wp-content\/uploads\/2026\/01\/d05a5dec-9416-44dd-8caa-338aa4b0d0ee.jpg 1200w\" sizes=\"auto, (max-width: 768px) 100vw, 768px\" \/><\/figure>\n\n\n\n<figure class=\"wp-block-image size-large\"><img loading=\"lazy\" decoding=\"async\" width=\"768\" height=\"1024\" src=\"https:\/\/andydeco.fr\/wp-content\/uploads\/2026\/01\/cada9b5d-8904-4037-966a-6a68ca0732d7-768x1024.jpg\" alt=\"\" class=\"wp-image-36\" srcset=\"https:\/\/andydeco.fr\/wp-content\/uploads\/2026\/01\/cada9b5d-8904-4037-966a-6a68ca0732d7-768x1024.jpg 768w, https:\/\/andydeco.fr\/wp-content\/uploads\/2026\/01\/cada9b5d-8904-4037-966a-6a68ca0732d7-225x300.jpg 225w, https:\/\/andydeco.fr\/wp-content\/uploads\/2026\/01\/cada9b5d-8904-4037-966a-6a68ca0732d7.jpg 1200w\" sizes=\"auto, (max-width: 768px) 100vw, 768px\" \/><\/figure>\n\n\n\n<figure class=\"wp-block-image size-large\"><img loading=\"lazy\" decoding=\"async\" width=\"768\" height=\"1024\" src=\"https:\/\/andydeco.fr\/wp-content\/uploads\/2026\/01\/0d69e1f1-0f0e-448a-a7f7-9dfd3ec54455-768x1024.jpg\" alt=\"\" class=\"wp-image-39\" srcset=\"https:\/\/andydeco.fr\/wp-content\/uploads\/2026\/01\/0d69e1f1-0f0e-448a-a7f7-9dfd3ec54455-768x1024.jpg 768w, https:\/\/andydeco.fr\/wp-content\/uploads\/2026\/01\/0d69e1f1-0f0e-448a-a7f7-9dfd3ec54455-225x300.jpg 225w, https:\/\/andydeco.fr\/wp-content\/uploads\/2026\/01\/0d69e1f1-0f0e-448a-a7f7-9dfd3ec54455.jpg 1200w\" sizes=\"auto, (max-width: 768px) 100vw, 768px\" \/><\/figure>\n<\/div>\n<\/div>\n<\/div>\n<\/details>\n<\/div>\n<\/div>\n<\/div>\n<\/div>\n<\/div>\n<\/div>\n<\/div>\n\n\n\n<div style=\"height:20px\" aria-hidden=\"true\" class=\"wp-block-spacer\"><\/div>\n\n\n\n<div class=\"wp-block-buttons is-content-justification-center is-layout-flex wp-container-core-buttons-is-layout-a89b3969 wp-block-buttons-is-layout-flex\">\n<div class=\"wp-block-button is-style-outline is-style-outline--1\"><a class=\"wp-block-button__link has-white-color has-foreground-background-color has-text-color has-background has-link-color wp-element-button\" href=\"https:\/\/andydeco.fr\/index.php\/homepage\/galerie\/\">Voir plus<\/a><\/div>\n<\/div>\n\n\n\n<div style=\"height:39px\" aria-hidden=\"true\" class=\"wp-block-spacer\"><\/div>\n<\/div>\n\n\n\n<div class=\"wp-block-cover alignfull is-light is-position-center-center\" style=\"border-radius:0px;margin-top:0;margin-bottom:0;padding-top:var(--wp--preset--spacing--x-large);padding-right:var(--wp--preset--spacing--medium);padding-bottom:var(--wp--preset--spacing--x-large);padding-left:var(--wp--preset--spacing--medium)\"><img loading=\"lazy\" decoding=\"async\" width=\"1536\" height=\"1024\" class=\"wp-block-cover__image-background wp-image-31 size-full\" alt=\"\" src=\"https:\/\/andydeco.fr\/wp-content\/uploads\/2026\/01\/ChatGPT-Image-9-\u044f\u043d\u0432.-2026-\u0433.-21_22_37.png\" style=\"object-position:50% 69%\" data-object-fit=\"cover\" data-object-position=\"50% 69%\" srcset=\"https:\/\/andydeco.fr\/wp-content\/uploads\/2026\/01\/ChatGPT-Image-9-\u044f\u043d\u0432.-2026-\u0433.-21_22_37.png 1536w, https:\/\/andydeco.fr\/wp-content\/uploads\/2026\/01\/ChatGPT-Image-9-\u044f\u043d\u0432.-2026-\u0433.-21_22_37-300x200.png 300w, https:\/\/andydeco.fr\/wp-content\/uploads\/2026\/01\/ChatGPT-Image-9-\u044f\u043d\u0432.-2026-\u0433.-21_22_37-1024x683.png 1024w\" sizes=\"auto, (max-width: 1536px) 100vw, 1536px\" \/><span aria-hidden=\"true\" class=\"wp-block-cover__background has-black-background-color has-background-dim-30 has-background-dim\"><\/span><div class=\"wp-block-cover__inner-container is-layout-flow wp-container-core-cover-is-layout-1b859277 wp-block-cover-is-layout-flow\">\n<div class=\"wp-block-group has-global-padding is-layout-constrained wp-block-group-is-layout-constrained\">\n<h3 class=\"wp-block-heading has-text-align-center has-text-color has-medium-font-size\" style=\"color:#fffffa;text-transform:uppercase\">Contactez-nous<\/h3>\n\n\n\n<p class=\"has-text-align-center has-white-color has-text-color\">Vous pouvez nous joindre par e-mail ou par t\u00e9l\u00e9phone.<br>Nous \u00e9tudions chaque demande avec attention et nous engageons \u00e0 vous r\u00e9pondre dans un d\u00e9lai de <strong>24 heures<\/strong>.<\/p>\n\n\n\n<div style=\"height:31px\" aria-hidden=\"true\" class=\"wp-block-spacer\"><\/div>\n\n\n\n<div class=\"wp-block-buttons is-horizontal is-content-justification-center is-layout-flex wp-container-core-buttons-is-layout-03627597 wp-block-buttons-is-layout-flex\">\n<div class=\"wp-block-button is-style-outline is-style-outline--2\"><a class=\"wp-block-button__link has-white-color has-text-color wp-element-button\" href=\"https:\/\/andydeco.fr\/index.php\/homepage\/contact\/\" style=\"border-radius:0px\">Contactez-nous<\/a><\/div>\n<\/div>\n<\/div>\n<\/div><\/div>\n\n\n\n<p><\/p>\n","protected":false},"excerpt":{"rendered":"<p>\u00c0 propos de nous Nous sommes une \u00e9quipe de professionnels du b\u00e2timent avec plus de 20 ans d\u2019exp\u00e9rience.Nous r\u00e9alisons vos travaux de r\u00e9novation int\u00e9rieure et ext\u00e9rieure : peinture, \u00e9lectricit\u00e9, plomberie, carrelage, menuiserie, ma\u00e7onnerie, placo et isolation. Nous prenons en charge tous vos projets de \u00c0 \u00e0 Z &#8212; cuisine, salle de bain, remise en \u00e9tat &hellip; <\/p>\n<p class=\"link-more\"><a href=\"https:\/\/andydeco.fr\/\" class=\"more-link\">\u0427\u0438\u0442\u0430\u0442\u044c \u0434\u0430\u043b\u0435\u0435<span class=\"screen-reader-text\"> &#171;Accueil&#187;<\/span><\/a><\/p>\n","protected":false},"author":1,"featured_media":0,"parent":0,"menu_order":0,"comment_status":"closed","ping_status":"closed","template":"page-templates\/homepage-builder-bb.php","meta":{"footnotes":""},"class_list":["post-8","page","type-page","status-publish","hentry"],"_links":{"self":[{"href":"https:\/\/andydeco.fr\/index.php\/wp-json\/wp\/v2\/pages\/8","targetHints":{"allow":["GET"]}}],"collection":[{"href":"https:\/\/andydeco.fr\/index.php\/wp-json\/wp\/v2\/pages"}],"about":[{"href":"https:\/\/andydeco.fr\/index.php\/wp-json\/wp\/v2\/types\/page"}],"author":[{"embeddable":true,"href":"https:\/\/andydeco.fr\/index.php\/wp-json\/wp\/v2\/users\/1"}],"replies":[{"embeddable":true,"href":"https:\/\/andydeco.fr\/index.php\/wp-json\/wp\/v2\/comments?post=8"}],"version-history":[{"count":59,"href":"https:\/\/andydeco.fr\/index.php\/wp-json\/wp\/v2\/pages\/8\/revisions"}],"predecessor-version":[{"id":308,"href":"https:\/\/andydeco.fr\/index.php\/wp-json\/wp\/v2\/pages\/8\/revisions\/308"}],"wp:attachment":[{"href":"https:\/\/andydeco.fr\/index.php\/wp-json\/wp\/v2\/media?parent=8"}],"curies":[{"name":"wp","href":"https:\/\/api.w.org\/{rel}","templated":true}]}}